{"id":34,"date":"2025-12-04T14:12:57","date_gmt":"2025-12-04T14:12:57","guid":{"rendered":"https:\/\/allobate.fr\/?page_id=34"},"modified":"2025-12-04T14:12:58","modified_gmt":"2025-12-04T14:12:58","slug":"mentions-legales","status":"publish","type":"page","link":"https:\/\/allobate.fr\/index.php\/mentions-legales\/","title":{"rendered":"Mentions l\u00e9gales"},"content":{"rendered":"\n<p><strong>Les activit\u00e9s d\u2019\u00e9tudes<\/strong><\/p>\n\n\n\n<p>Le collectif ArpentageS est membre de la soci\u00e9t\u00e9 <strong><a href=\"https:\/\/www.coopalpha.coop\/\" target=\"_blank\" rel=\"noreferrer noopener\">Coop\u2019alpha <\/a>Coop\u00e9rative d\u2019activit\u00e9 et d\u2019emploi :<\/strong><\/p>\n\n\n<div class=\"kb-row-layout-wrap kb-row-layout-id34_e27ff1-98 alignnone wp-block-kadence-rowlayout\"><div class=\"kt-row-column-wrap kt-has-2-columns kt-row-layout-equal kt-tab-layout-inherit kt-mobile-layout-row kt-row-valign-top\">\n\n<div class=\"wp-block-kadence-column kadence-column34_97079b-66\"><div class=\"kt-inside-inner-col\">\n<p>SCOP Anonyme \u00e0 capital variable<br>RCS Bordeaux 482371481<br>SIRET 482 371 481 00060<br>PAE 7022Z<br>TVA FR 70482371481<\/p>\n<\/div><\/div>\n\n\n\n<div class=\"wp-block-kadence-column kadence-column34_9afa55-4c\"><div class=\"kt-inside-inner-col\">\n<p>13\/15 all\u00e9e du colonel Fabien<br>33310 Lormont<\/p>\n\n\n\n<p>05 56 74 26 16<\/p>\n<\/div><\/div>\n\n<\/div><\/div>\n\n\n<h3 class=\"wp-block-heading\">INFORMATION SUR LA M\u00c9DIATION \u00c0 LA CONSOMMATION<\/h3>\n\n\n\n<p>Conform\u00e9ment aux articles L.612-1 \u00e0 L.616-3 du Code de la consommation, tout consommateur a le droit de recourir \u00e0 un m\u00e9diateur en vue de la r\u00e9solution amiable d\u2019un litige avec un professionnel.<\/p>\n\n\n\n<h4 class=\"wp-block-heading\"><em>\ud83d\udc49 En cas de litige non r\u00e9solu , vous pouvez saisir le m\u00e9diateur de la consommation dont nous d\u00e9pendons :<\/em><\/h4>\n\n\n\n<p><strong>Nom du m\u00e9diateur<\/strong> : SAS MEDIATION<br>&nbsp;<strong>Adresse<\/strong> : 222 chemin de la bergerie 01800 Saint Jean de Niost<\/p>\n\n\n\n<p><strong>Pour saisir le m\u00e9diateur, le consommateur doit formuler sa demande :<\/strong><\/p>\n\n\n\n<ul class=\"wp-block-list\">\n<li>Soit par \u00e9crit \u00e0 : Sas M\u00e9diation Solution \u2013 222 chemin de la bergerie 01800 Saint Jean de Niost<\/li>\n\n\n\n<li>Soit par mail \u00e0 : <a href=\"mailto:contact@sasmediationsolution-conso.fr\"><u>contact@sasmediationsolution-conso.fr<\/u><\/a><\/li>\n<\/ul>\n\n\n\n<p>Soit en remplissant le formulaire en ligne intitul\u00e9 \u00ab Saisir le m\u00e9diateur \u00bb sur le site https:\/\/www.sasmediationsolution-conso.fr<\/p>\n\n\n\n<p>Quel que soit le moyen de saisine utilis\u00e9, la demande doit imp\u00e9rativement contenir :<\/p>\n\n\n\n<p>Tous documents permettant l\u2019instruction de la demande (bon de commande, facture, justificatif de paiement, etc.)<\/p>\n\n\n\n<p>Les coordonn\u00e9es postales, t\u00e9l\u00e9phoniques et \u00e9lectroniques du demandeur,<\/p>\n\n\n\n<p>Le nom, l\u2019adresse et le num\u00e9ro d\u2019enregistrement chez Sas M\u00e9diation Solution, du professionnel concern\u00e9 (ici Coop\u2019alpha)<\/p>\n\n\n\n<p>Un expos\u00e9 succinct des faits,<\/p>\n\n\n\n<p>Copie de la r\u00e9clamation pr\u00e9alable,<\/p>\n","protected":false},"excerpt":{"rendered":"<p>Les activit\u00e9s d\u2019\u00e9tudes Le collectif ArpentageS est membre de la soci\u00e9t\u00e9 Coop\u2019alpha Coop\u00e9rative d\u2019activit\u00e9 et d\u2019emploi : SCOP Anonyme \u00e0 capital variableRCS Bordeaux 482371481SIRET 482 371 481 00060PAE 7022ZTVA FR 70482371481 13\/15 all\u00e9e du colonel Fabien33310 Lormont 05 56 74 26 16 INFORMATION SUR LA M\u00c9DIATION \u00c0 LA CONSOMMATION Conform\u00e9ment aux articles L.612-1 \u00e0 L.616-3 [&hellip;]<\/p>\n","protected":false},"author":1,"featured_media":0,"parent":0,"menu_order":0,"comment_status":"closed","ping_status":"closed","template":"","meta":{"footnotes":""},"class_list":["post-34","page","type-page","status-publish","hentry"],"_links":{"self":[{"href":"https:\/\/allobate.fr\/index.php\/wp-json\/wp\/v2\/pages\/34","targetHints":{"allow":["GET"]}}],"collection":[{"href":"https:\/\/allobate.fr\/index.php\/wp-json\/wp\/v2\/pages"}],"about":[{"href":"https:\/\/allobate.fr\/index.php\/wp-json\/wp\/v2\/types\/page"}],"author":[{"embeddable":true,"href":"https:\/\/allobate.fr\/index.php\/wp-json\/wp\/v2\/users\/1"}],"replies":[{"embeddable":true,"href":"https:\/\/allobate.fr\/index.php\/wp-json\/wp\/v2\/comments?post=34"}],"version-history":[{"count":1,"href":"https:\/\/allobate.fr\/index.php\/wp-json\/wp\/v2\/pages\/34\/revisions"}],"predecessor-version":[{"id":35,"href":"https:\/\/allobate.fr\/index.php\/wp-json\/wp\/v2\/pages\/34\/revisions\/35"}],"wp:attachment":[{"href":"https:\/\/allobate.fr\/index.php\/wp-json\/wp\/v2\/media?parent=34"}],"curies":[{"name":"wp","href":"https:\/\/api.w.org\/{rel}","templated":true}]}}